{"id":13,"date":"2023-06-29T11:43:07","date_gmt":"2023-06-29T11:43:07","guid":{"rendered":"https:\/\/snmf.ro\/conferinta-nationala-medicina-familiei\/\/?page_id=13"},"modified":"2025-10-17T11:31:21","modified_gmt":"2025-10-17T08:31:21","slug":"program","status":"publish","type":"page","link":"https:\/\/snmf.ro\/conferinta-nationala-medicina-familiei\/program\/","title":{"rendered":"Program"},"content":{"rendered":"<p><a style=\"color:#000;\" href=\"https:\/\/snmf.ro\/conferinta-nationala-medicina-familiei\/wp-content\/uploads\/2025\/10\/Program-CNMF-2025.docx-4.pdf\"><img loading=\"lazy\" decoding=\"async\" src=\"https:\/\/snmf.ro\/conferinta-nationala-medicina-familiei\/wp-content\/uploads\/2023\/10\/pdf.jpg\" alt=\"\" width=\"100\" height=\"123\" class=\"alignnone size-full wp-image-281\" \/><\/p>\n<p>Descarcati programul conferintei de aici<\/a><\/p>\n<p>\u00censcrierea se realizeaz\u0103 prin intermediul platformei pan\u0103 pe data de 16.10.2025.<\/p>\n<p>Taxa de participare ofer\u0103 acces la lucr\u0103rile conferin\u021bei, mapa conferin\u021bei si coffee-break-uri joi, vineri, sambata si duminica.<\/p>\n<p>Participarea atat la cocktailul de bun venit de joi seara cat si la pranzurilr de joi, vineri si sambata, se face pe baza de bratari inmanate participantilor cu ecuson la iesirea din sala de lucrari conform politicii hotelului gazda.<\/p>\n","protected":false},"excerpt":{"rendered":"<p>Program Conferinta Nationala de Medicina Familiei, 19-22 octombrie 2023, Calimanesti Caciulata<\/p>\n","protected":false},"author":1,"featured_media":475,"parent":0,"menu_order":0,"comment_status":"closed","ping_status":"closed","template":"","meta":{"footnotes":""},"class_list":["post-13","page","type-page","status-publish","has-post-thumbnail","hentry"],"_links":{"self":[{"href":"https:\/\/snmf.ro\/conferinta-nationala-medicina-familiei\/wp-json\/wp\/v2\/pages\/13","targetHints":{"allow":["GET"]}}],"collection":[{"href":"https:\/\/snmf.ro\/conferinta-nationala-medicina-familiei\/wp-json\/wp\/v2\/pages"}],"about":[{"href":"https:\/\/snmf.ro\/conferinta-nationala-medicina-familiei\/wp-json\/wp\/v2\/types\/page"}],"author":[{"embeddable":true,"href":"https:\/\/snmf.ro\/conferinta-nationala-medicina-familiei\/wp-json\/wp\/v2\/users\/1"}],"replies":[{"embeddable":true,"href":"https:\/\/snmf.ro\/conferinta-nationala-medicina-familiei\/wp-json\/wp\/v2\/comments?post=13"}],"version-history":[{"count":26,"href":"https:\/\/snmf.ro\/conferinta-nationala-medicina-familiei\/wp-json\/wp\/v2\/pages\/13\/revisions"}],"predecessor-version":[{"id":601,"href":"https:\/\/snmf.ro\/conferinta-nationala-medicina-familiei\/wp-json\/wp\/v2\/pages\/13\/revisions\/601"}],"wp:featuredmedia":[{"embeddable":true,"href":"https:\/\/snmf.ro\/conferinta-nationala-medicina-familiei\/wp-json\/wp\/v2\/media\/475"}],"wp:attachment":[{"href":"https:\/\/snmf.ro\/conferinta-nationala-medicina-familiei\/wp-json\/wp\/v2\/media?parent=13"}],"curies":[{"name":"wp","href":"https:\/\/api.w.org\/{rel}","templated":true}]}}