{"id":2,"date":"2023-06-28T11:09:41","date_gmt":"2023-06-28T11:09:41","guid":{"rendered":"https:\/\/snmf.ro\/conferinta-nationala-medicina-familiei\/\/?page_id=2"},"modified":"2025-07-23T14:43:17","modified_gmt":"2025-07-23T11:43:17","slug":"organizatori","status":"publish","type":"page","link":"https:\/\/snmf.ro\/conferinta-nationala-medicina-familiei\/organizatori\/","title":{"rendered":"Organizatori"},"content":{"rendered":"<p>Asocia\u021bia Societatea Na\u021bional\u0103 de Medicina Familiei\/Medicin\u0103 General\u0103 (SNMF) \u00een parteneriat cu Asocia\u021bia Societatea Timi\u0219 de Medicina Familiei organizeaz\u0103 Conferin\u021ba Na\u021bional\u0103 de Medicina Familiei, eveniment care se va desf\u0103\u0219ura \u00een perioada 16-19 octombrie 2025 la Timisoara.<\/p>\n<h2><img loading=\"lazy\" decoding=\"async\" src=\"https:\/\/snmf.ro\/conferinta-nationala-medicina-familiei\/\/wp-content\/uploads\/2023\/07\/comitet-stiintific.png\" alt=\"\" width=\"32\" height=\"32\" class=\"alignnone size-full wp-image-108\" style=\"margin-right:20px;\" \/>Comitet \u015etiin\u0163ific<\/h2>\n<div class=\"comitet\">\n<p><strong>Co-pre\u0219edin\u021bi<\/strong><\/p>\n<div class=\"caseta\">\n<img loading=\"lazy\" decoding=\"async\" src=\"https:\/\/snmf.ro\/conferinta-nationala-medicina-familiei\/wp-content\/uploads\/2023\/07\/mihai-sorin-iacob.png\" alt=\"\" width=\"120\" height=\"120\" class=\"alignnone size-full wp-image-90\" \/><br \/>\nDr. Mihai Sorin IACOB\n<\/div>\n<div class=\"caseta\">\n<img loading=\"lazy\" decoding=\"async\" src=\"https:\/\/snmf.ro\/conferinta-nationala-medicina-familiei\/\/wp-content\/uploads\/2023\/07\/dr-dina-mergeani.png\" alt=\"\" width=\"120\" height=\"120\" \/><br \/>\nDr. Dina  Mergeani\n<\/div>\n<p><strong>Membri<\/strong><\/p>\n<div class=\"caseta\">\n<img loading=\"lazy\" decoding=\"async\" src=\"https:\/\/snmf.ro\/conferinta-nationala-medicina-familiei\/\/wp-content\/uploads\/2023\/07\/camelia-bakri.png\" alt=\"\" width=\"120\" height=\"120\" class=\"alignnone size-full wp-image-83\" \/><br \/>\nDr. Camelia Bakri\n<\/div>\n<div class=\"caseta\">\n<img loading=\"lazy\" decoding=\"async\" src=\"https:\/\/snmf.ro\/conferinta-nationala-medicina-familiei\/\/wp-content\/uploads\/2023\/07\/laura-condur.png\" alt=\"\" width=\"120\" height=\"120\" class=\"alignnone size-full wp-image-86\" \/><br \/>\n\u0218. L. Dr. Laura Maria Condur\n<\/div>\n<div class=\"caseta\">\n<img loading=\"lazy\" decoding=\"async\" src=\"https:\/\/snmf.ro\/conferinta-nationala-medicina-familiei\/\/wp-content\/uploads\/2023\/07\/adriana-dogaru.png\" alt=\"\" width=\"120\" height=\"120\" class=\"alignnone size-full wp-image-88\" \/><br \/>\n\u0218. L. Dr. Carmen-Adriana Dogaru\n<\/div>\n<div class=\"caseta\">\n<img loading=\"lazy\" decoding=\"async\" src=\"https:\/\/snmf.ro\/conferinta-nationala-medicina-familiei\/\/wp-content\/uploads\/2023\/07\/gindrovel-dumitra.png\" alt=\"\" width=\"120\" height=\"120\" class=\"alignnone size-full wp-image-89\" \/><br \/>\nConf. Univ. Dr. Gheorghe-Gindrovel Dumitra\n<\/div>\n<div class=\"caseta\">\n<img loading=\"lazy\" decoding=\"async\" src=\"https:\/\/snmf.ro\/conferinta-nationala-medicina-familiei\/\/wp-content\/uploads\/2023\/07\/loredana-piloff.png\" alt=\"\" width=\"120\" height=\"120\" class=\"alignnone size-full wp-image-95\" \/><br \/>\n\u0218. L. Loredana Piloff\n<\/div>\n<div class=\"caseta\">\n<img loading=\"lazy\" decoding=\"async\" src=\"https:\/\/snmf.ro\/conferinta-nationala-medicina-familiei\/\/wp-content\/uploads\/2023\/07\/dorina-rodica-pop.png\" alt=\"\" width=\"120\" height=\"120\" class=\"alignnone size-full wp-image-97\" \/><br \/>\nDr. Rodica Sorina Pop\n<\/div>\n<div class=\"caseta\">\n<img loading=\"lazy\" decoding=\"async\" src=\"https:\/\/snmf.ro\/conferinta-nationala-medicina-familiei\/\/wp-content\/uploads\/2023\/07\/aurelia-chis-serban.png\" alt=\"\" width=\"120\" height=\"120\" class=\"alignnone size-full wp-image-98\" \/><br \/>\nDr. Ana-Aurelia Chi\u0219-\u0218erban\n<\/div>\n<div class=\"caseta\">\n<img loading=\"lazy\" decoding=\"async\" src=\"https:\/\/snmf.ro\/conferinta-nationala-medicina-familiei\/\/wp-content\/uploads\/2023\/07\/remus-sipos.png\" alt=\"\" width=\"120\" height=\"120\" class=\"alignnone size-full wp-image-99\" \/><br \/>\n\u0218. L. Dr. Remus-Sebastian Sipo\u0219\n<\/div>\n<div class=\"caseta\">\n<img loading=\"lazy\" decoding=\"async\" src=\"https:\/\/snmf.ro\/conferinta-nationala-medicina-familiei\/\/wp-content\/uploads\/2023\/07\/csongor-toth.png\" alt=\"\" width=\"120\" height=\"120\" class=\"alignnone size-full wp-image-100\" \/><br \/>\nDr. Csongor Toth\n<\/div>\n<\/div>\n<h2><img loading=\"lazy\" decoding=\"async\" src=\"https:\/\/snmf.ro\/conferinta-nationala-medicina-familiei\/\/wp-content\/uploads\/2023\/07\/comitet-organizatoric.png\" alt=\"\" width=\"32\" height=\"32\" class=\"alignnone size-full wp-image-111\" style=\"margin-right:20px;\" \/> Comitet Organizatoric<\/h2>\n<div class=\"comitet\">\n<p><strong>Co-pre\u0219edin\u021bi<\/strong><\/p>\n<div class=\"caseta\">\n<img loading=\"lazy\" decoding=\"async\" src=\"https:\/\/snmf.ro\/conferinta-nationala-medicina-familiei\/wp-content\/uploads\/2023\/07\/mihai-sorin-iacob.png\" alt=\"\" width=\"120\" height=\"120\" class=\"alignnone size-full wp-image-90\" \/><br \/>\nDr. Mihai Sorin IACOB\n<\/div>\n<div class=\"caseta\">\n<img loading=\"lazy\" decoding=\"async\" src=\"https:\/\/snmf.ro\/conferinta-nationala-medicina-familiei\/\/wp-content\/uploads\/2023\/07\/dr-dina-mergeani.png\" alt=\"\" width=\"120\" height=\"120\" class=\"alignnone size-full wp-image-78\" \/><br \/>\nDr. Dina Mergeani\n<\/div>\n<p><strong>Membri<\/strong><\/p>\n<div class=\"caseta\">\n<img loading=\"lazy\" decoding=\"async\" src=\"https:\/\/snmf.ro\/conferinta-nationala-medicina-familiei\/\/wp-content\/uploads\/2023\/07\/mihaela-nastasa.png\" alt=\"\" width=\"120\" height=\"120\" class=\"alignnone size-full wp-image-92\" \/><br \/>\nDr. Mihaela Nastas\u0103\n<\/div>\n<div class=\"caseta\">\n<img loading=\"lazy\" decoding=\"async\" src=\"https:\/\/snmf.ro\/conferinta-nationala-medicina-familiei\/\/wp-content\/uploads\/2023\/07\/adriana-dogaru.png\" alt=\"\" width=\"120\" height=\"120\" class=\"alignnone size-full wp-image-88\" \/><br \/>\n\u0218. L. Dr. Carmen-Adriana Dogaru\n<\/div>\n<div class=\"caseta\">\n<img loading=\"lazy\" decoding=\"async\" src=\"https:\/\/snmf.ro\/conferinta-nationala-medicina-familiei\/wp-content\/uploads\/2025\/07\/daciana-toma.webp\" alt=\"\" width=\"120\" height=\"120\" class=\"alignnone size-full wp-image-88\" \/><br \/>\nDr. Daciana Toma\n<\/div>\n<div class=\"caseta\">\n<img loading=\"lazy\" decoding=\"async\" src=\"https:\/\/snmf.ro\/conferinta-nationala-medicina-familiei\/wp-content\/uploads\/2023\/07\/razvan-miftode.png\" alt=\"\" width=\"120\" height=\"120\" class=\"alignnone size-full wp-image-88\" \/><br \/>\nDr. Razvan Miftode\n<\/div>\n","protected":false},"excerpt":{"rendered":"<p>Asocia\u021bia Societatea Na\u021bional\u0103 de Medicina Familiei\/Medicin\u0103 General\u0103 (SNMF) \u00een parteneriat cu Asocia\u021bia Societatea Timi\u0219 de Medicina Familiei organizeaz\u0103 Conferin\u021ba Na\u021bional\u0103 de Medicina Familiei, eveniment care se va desf\u0103\u0219ura \u00een perioada 16-19 octombrie 2025 la Timisoara. Comitet \u015etiin\u0163ific Co-pre\u0219edin\u021bi Dr. Mihai Sorin IACOB Dr. Dina Mergeani Membri Dr. Camelia Bakri \u0218. L. Dr. Laura Maria Condur [&hellip;]<\/p>\n","protected":false},"author":1,"featured_media":475,"parent":0,"menu_order":0,"comment_status":"closed","ping_status":"open","template":"","meta":{"footnotes":""},"class_list":["post-2","page","type-page","status-publish","has-post-thumbnail","hentry"],"_links":{"self":[{"href":"https:\/\/snmf.ro\/conferinta-nationala-medicina-familiei\/wp-json\/wp\/v2\/pages\/2","targetHints":{"allow":["GET"]}}],"collection":[{"href":"https:\/\/snmf.ro\/conferinta-nationala-medicina-familiei\/wp-json\/wp\/v2\/pages"}],"about":[{"href":"https:\/\/snmf.ro\/conferinta-nationala-medicina-familiei\/wp-json\/wp\/v2\/types\/page"}],"author":[{"embeddable":true,"href":"https:\/\/snmf.ro\/conferinta-nationala-medicina-familiei\/wp-json\/wp\/v2\/users\/1"}],"replies":[{"embeddable":true,"href":"https:\/\/snmf.ro\/conferinta-nationala-medicina-familiei\/wp-json\/wp\/v2\/comments?post=2"}],"version-history":[{"count":44,"href":"https:\/\/snmf.ro\/conferinta-nationala-medicina-familiei\/wp-json\/wp\/v2\/pages\/2\/revisions"}],"predecessor-version":[{"id":504,"href":"https:\/\/snmf.ro\/conferinta-nationala-medicina-familiei\/wp-json\/wp\/v2\/pages\/2\/revisions\/504"}],"wp:featuredmedia":[{"embeddable":true,"href":"https:\/\/snmf.ro\/conferinta-nationala-medicina-familiei\/wp-json\/wp\/v2\/media\/475"}],"wp:attachment":[{"href":"https:\/\/snmf.ro\/conferinta-nationala-medicina-familiei\/wp-json\/wp\/v2\/media?parent=2"}],"curies":[{"name":"wp","href":"https:\/\/api.w.org\/{rel}","templated":true}]}}