{"id":2,"date":"2023-06-28T11:09:41","date_gmt":"2023-06-28T11:09:41","guid":{"rendered":"https:\/\/snmf.ro\/ziua-medicului-de-familie\/?page_id=2"},"modified":"2026-01-27T14:35:42","modified_gmt":"2026-01-27T12:35:42","slug":"organizatori","status":"publish","type":"page","link":"https:\/\/snmf.ro\/ziua-medicului-de-familie\/organizatori\/","title":{"rendered":"Organizatori"},"content":{"rendered":"<p>Asocia\u021bia Societatea Na\u021bional\u0103 de Medicina Familiei\/Medicin\u0103 General\u0103 (SNMF) \u00een parteneriat cu SMGMF Prahova organizeaz\u0103 Conferin\u021ba Na\u021bional\u0103 Ziua Medicului de Familie.<\/p>\n<p><!--\n\n<h2><img loading=\"lazy\" decoding=\"async\" src=\"https:\/\/snmf.ro\/conferinta-nationala-medicina-familiei\/wp-content\/uploads\/2023\/07\/comitet-stiintific.png\" alt=\"\" width=\"32\" height=\"32\" class=\"alignnone size-full wp-image-108\" style=\"margin-right:20px;\" \/>Comitet \u015etiin\u0163ific<\/h2>\n\n\n\n\n\n<div class=\"comitet\">\n\n<strong>Co-pre\u0219edin\u021bi<\/strong>\n\n\n<div class=\"caseta\">\n<img loading=\"lazy\" decoding=\"async\" src=\"https:\/\/snmf.ro\/conferinta-nationala-medicina-familiei\/\/wp-content\/uploads\/2023\/07\/razvan-miftode.png\" alt=\"\" width=\"120\" height=\"120\" \/>\nDr. R\u0103zvan-Florentin Miftode\n<\/div>\n\n\n\n\n\n<div class=\"caseta\">\n<img loading=\"lazy\" decoding=\"async\" src=\"https:\/\/snmf.ro\/conferinta-nationala-medicina-familiei\/\/wp-content\/uploads\/2023\/07\/dr-dina-mergeani.png\" alt=\"\" width=\"120\" height=\"120\" \/>\nDr. Dina  Mergeani\n<\/div>\n\n\n\n<strong>Membri<\/strong>\n\n\n\n<div class=\"caseta\">\n<img loading=\"lazy\" decoding=\"async\" src=\"https:\/\/snmf.ro\/conferinta-nationala-medicina-familiei\/\/wp-content\/uploads\/2023\/07\/camelia-bakri.png\" alt=\"\" width=\"120\" height=\"120\" class=\"alignnone size-full wp-image-83\" \/>\nDr. Camelia Bakri\n<\/div>\n\n\n\n\n\n<div class=\"caseta\">\n<img loading=\"lazy\" decoding=\"async\" src=\"https:\/\/snmf.ro\/conferinta-nationala-medicina-familiei\/\/wp-content\/uploads\/2023\/07\/aurelia-chis-serban.png\" alt=\"\" width=\"120\" height=\"120\" class=\"alignnone size-full wp-image-98\" \/>\nDr. Ana-Aurelia Chi\u0219-\u0218erban\n<\/div>\n\n\n\n\n\n<div class=\"caseta\">\n<img loading=\"lazy\" decoding=\"async\" src=\"https:\/\/snmf.ro\/conferinta-nationala-medicina-familiei\/\/wp-content\/uploads\/2023\/07\/laura-condur.png\" alt=\"\" width=\"120\" height=\"120\" class=\"alignnone size-full wp-image-86\" \/>\n\u0218. L. Dr. Laura Maria Condur\n<\/div>\n\n\n\n\n\n<div class=\"caseta\">\n<img loading=\"lazy\" decoding=\"async\" src=\"https:\/\/snmf.ro\/conferinta-nationala-medicina-familiei\/\/wp-content\/uploads\/2023\/07\/adriana-dogaru.png\" alt=\"\" width=\"120\" height=\"120\" class=\"alignnone size-full wp-image-88\" \/>\n\u0218. L. Dr. Carmen-Adriana Dogaru\n<\/div>\n\n\n\n\n\n<div class=\"caseta\">\n<img loading=\"lazy\" decoding=\"async\" src=\"https:\/\/snmf.ro\/conferinta-nationala-medicina-familiei\/\/wp-content\/uploads\/2023\/07\/gindrovel-dumitra.png\" alt=\"\" width=\"120\" height=\"120\" class=\"alignnone size-full wp-image-89\" \/>\n\u0218. L. Dr. Gheorghe-Gindrovel Dumitra\n<\/div>\n\n\n\n\n\n<div class=\"caseta\">\n<img loading=\"lazy\" decoding=\"async\" src=\"https:\/\/snmf.ro\/conferinta-nationala-medicina-familiei\/\/wp-content\/uploads\/2023\/07\/mihai-sorin-iacob.png\" alt=\"\" width=\"120\" height=\"120\" class=\"alignnone size-full wp-image-90\" \/>\nDr. Mihai-Sorin Iacob\n<\/div>\n\n\n\n\n\n<div class=\"caseta\">\n<img loading=\"lazy\" decoding=\"async\" src=\"https:\/\/snmf.ro\/ziua-medicului-de-familie\/wp-content\/uploads\/2025\/04\/ligia-mosneaga.webp\" alt=\"\" width=\"120\" height=\"120\" class=\"alignnone size-full wp-image-93\" \/>\nDr. Ligia Mosneaga\n<\/div>\n\n\n\n\n\n<div class=\"caseta\">\n<img loading=\"lazy\" decoding=\"async\" src=\"https:\/\/snmf.ro\/conferinta-nationala-medicina-familiei\/\/wp-content\/uploads\/2023\/07\/loredana-piloff.png\" alt=\"\" width=\"120\" height=\"120\" class=\"alignnone size-full wp-image-95\" \/>\n\u0218. L. Loredana Piloff\n<\/div>\n\n\n\n\n\n<div class=\"caseta\">\n<img loading=\"lazy\" decoding=\"async\" src=\"https:\/\/snmf.ro\/conferinta-nationala-medicina-familiei\/\/wp-content\/uploads\/2023\/07\/dorina-rodica-pop.png\" alt=\"\" width=\"120\" height=\"120\" class=\"alignnone size-full wp-image-97\" \/>\nDr. Rodica Sorina Pop\n<\/div>\n\n\n\n\n\n<div class=\"caseta\">\n<img loading=\"lazy\" decoding=\"async\" src=\"https:\/\/snmf.ro\/conferinta-nationala-medicina-familiei\/\/wp-content\/uploads\/2023\/07\/remus-sipos.png\" alt=\"\" width=\"120\" height=\"120\" class=\"alignnone size-full wp-image-99\" \/>\n\u0218. L. Dr. Remus-Sebastian Sipo\u0219\n<\/div>\n\n\n\n\n\n<div class=\"caseta\">\n<img loading=\"lazy\" decoding=\"async\" src=\"https:\/\/snmf.ro\/ziua-medicului-de-familie\/wp-content\/uploads\/2025\/04\/daciana-toma-150x150-1.jpg\" alt=\"\" width=\"120\" height=\"120\" class=\"alignnone size-full wp-image-93\" \/>\nDr. Daciana Toma\n<\/div>\n\n\n\n\n\n<div class=\"caseta\">\n<img loading=\"lazy\" decoding=\"async\" src=\"https:\/\/snmf.ro\/conferinta-nationala-medicina-familiei\/\/wp-content\/uploads\/2023\/07\/csongor-toth.png\" alt=\"\" width=\"120\" height=\"120\" class=\"alignnone size-full wp-image-100\" \/>\nDr. Csongor Toth\n<\/div>\n\n\n\n\n\n<div class=\"caseta\">\n<img loading=\"lazy\" decoding=\"async\" src=\"https:\/\/snmf.ro\/ziua-medicului-de-familie\/wp-content\/uploads\/2025\/04\/mihaela-udrescu-1.webp\" alt=\"\" width=\"120\" height=\"150\" class=\"alignnone size-full wp-image-92\" \/>\nDr. Mihaela Udrescu\n<\/div>\n\n\n\n<\/div>\n\n\n\n\n\n<h2><img loading=\"lazy\" decoding=\"async\" src=\"https:\/\/snmf.ro\/conferinta-nationala-medicina-familiei\/\/wp-content\/uploads\/2023\/07\/comitet-organizatoric.png\" alt=\"\" width=\"32\" height=\"32\" class=\"alignnone size-full wp-image-111\" style=\"margin-right:20px;\" \/> Comitet Organizatoric<\/h2>\n\n\n\n\n\n<div class=\"comitet\">\n\n<strong>Co-pre\u0219edin\u021bi<\/strong>\n\n\n\n<div class=\"caseta\">\n<img loading=\"lazy\" decoding=\"async\" src=\"https:\/\/snmf.ro\/ziua-medicului-de-familie\/wp-content\/uploads\/2025\/04\/catalin-plesea.webp\" alt=\"\" width=\"120\" height=\"136\" class=\"alignnone size-full wp-image-678\" \/>\nDr. Catalin Plesea-Condratovici\n<\/div>\n\n\n\n\n\n<div class=\"caseta\">\n<img loading=\"lazy\" decoding=\"async\" src=\"https:\/\/snmf.ro\/conferinta-nationala-medicina-familiei\/\/wp-content\/uploads\/2023\/07\/dr-dina-mergeani.png\" alt=\"\" width=\"120\" height=\"120\" class=\"alignnone size-full wp-image-78\" \/>\nDr. Dina Mergeani\n<\/div>\n\n\n\n<strong>Membri<\/strong>\n\n\n\n<div class=\"caseta\">\n<img loading=\"lazy\" decoding=\"async\" src=\"https:\/\/snmf.ro\/conferinta-nationala-medicina-familiei\/\/wp-content\/uploads\/2023\/07\/mihaela-nastasa.png\" alt=\"\" width=\"120\" height=\"120\" class=\"alignnone size-full wp-image-92\" \/>\nDr. Mihaela Nastas\u0103\n<\/div>\n\n\n\n\n\n<div class=\"caseta\">\n<img loading=\"lazy\" decoding=\"async\" src=\"https:\/\/snmf.ro\/ziua-medicului-de-familie\/wp-content\/uploads\/2025\/04\/user.webp\" alt=\"\" width=\"120\" height=\"120\" class=\"alignnone size-full wp-image-681\" \/>\nDr. Daniela Ungurianu\n<\/div>\n\n\n\n\n\n<div class=\"caseta\">\n<img loading=\"lazy\" decoding=\"async\" src=\"https:\/\/snmf.ro\/ziua-medicului-de-familie\/wp-content\/uploads\/2025\/04\/user.webp\" alt=\"\" width=\"120\" height=\"120\" class=\"alignnone size-full wp-image-681\" \/>\nDr. Norica Toader\n<\/div>\n\n\n\n\n\n<div class=\"caseta\">\n<img loading=\"lazy\" decoding=\"async\" src=\"https:\/\/snmf.ro\/ziua-medicului-de-familie\/wp-content\/uploads\/2025\/04\/alina-plesea.jpg\" alt=\"\" width=\"130\" height=\"130\" class=\"alignnone size-full wp-image-680\" \/>\nDr. Alina Plesea-Condratovici\n<\/div>\n\n\n--><\/p>\n","protected":false},"excerpt":{"rendered":"<p>Ziua Medicului de Familie<\/p>\n","protected":false},"author":1,"featured_media":768,"parent":0,"menu_order":0,"comment_status":"closed","ping_status":"open","template":"","meta":{"footnotes":""},"class_list":["post-2","page","type-page","status-publish","has-post-thumbnail","hentry"],"_links":{"self":[{"href":"https:\/\/snmf.ro\/ziua-medicului-de-familie\/wp-json\/wp\/v2\/pages\/2","targetHints":{"allow":["GET"]}}],"collection":[{"href":"https:\/\/snmf.ro\/ziua-medicului-de-familie\/wp-json\/wp\/v2\/pages"}],"about":[{"href":"https:\/\/snmf.ro\/ziua-medicului-de-familie\/wp-json\/wp\/v2\/types\/page"}],"author":[{"embeddable":true,"href":"https:\/\/snmf.ro\/ziua-medicului-de-familie\/wp-json\/wp\/v2\/users\/1"}],"replies":[{"embeddable":true,"href":"https:\/\/snmf.ro\/ziua-medicului-de-familie\/wp-json\/wp\/v2\/comments?post=2"}],"version-history":[{"count":54,"href":"https:\/\/snmf.ro\/ziua-medicului-de-familie\/wp-json\/wp\/v2\/pages\/2\/revisions"}],"predecessor-version":[{"id":788,"href":"https:\/\/snmf.ro\/ziua-medicului-de-familie\/wp-json\/wp\/v2\/pages\/2\/revisions\/788"}],"wp:featuredmedia":[{"embeddable":true,"href":"https:\/\/snmf.ro\/ziua-medicului-de-familie\/wp-json\/wp\/v2\/media\/768"}],"wp:attachment":[{"href":"https:\/\/snmf.ro\/ziua-medicului-de-familie\/wp-json\/wp\/v2\/media?parent=2"}],"curies":[{"name":"wp","href":"https:\/\/api.w.org\/{rel}","templated":true}]}}